{"id":15,"date":"2021-01-26T20:14:21","date_gmt":"2021-01-26T20:14:21","guid":{"rendered":"https:\/\/tecnonest.com\/?page_id=15"},"modified":"2025-09-16T13:21:16","modified_gmt":"2025-09-16T13:21:16","slug":"crea-tu-web-con-bloques","status":"publish","type":"page","link":"https:\/\/ireneromero.net\/","title":{"rendered":"irene romero &#8211; pintora realista"},"content":{"rendered":"\n<hr class=\"wp-block-separator\" \/>\n\n\n\n<div class=\"wp-block-columns is-layout-flex wp-container-core-columns-is-layout-9d6595d7 wp-block-columns-is-layout-flex\">\n<div class=\"wp-block-column is-layout-flow wp-block-column-is-layout-flow\">\n<div class=\"wp-block-columns is-layout-flex wp-container-core-columns-is-layout-9d6595d7 wp-block-columns-is-layout-flex\">\n<div class=\"wp-block-column is-layout-flow wp-block-column-is-layout-flow\" style=\"flex-basis:33.33%\">\n<figure class=\"wp-block-image size-large is-resized\"><img loading=\"lazy\" decoding=\"async\" src=\"https:\/\/ireneromero.net\/wp-content\/uploads\/2022\/01\/biografia-1021x1024.jpg\" alt=\"\" class=\"wp-image-323\" width=\"272\" height=\"272\" srcset=\"https:\/\/ireneromero.net\/wp-content\/uploads\/2022\/01\/biografia-1021x1024.jpg 1021w, https:\/\/ireneromero.net\/wp-content\/uploads\/2022\/01\/biografia-300x300.jpg 300w, https:\/\/ireneromero.net\/wp-content\/uploads\/2022\/01\/biografia-150x150.jpg 150w, https:\/\/ireneromero.net\/wp-content\/uploads\/2022\/01\/biografia-768x770.jpg 768w, https:\/\/ireneromero.net\/wp-content\/uploads\/2022\/01\/biografia-638x640.jpg 638w, https:\/\/ireneromero.net\/wp-content\/uploads\/2022\/01\/biografia.jpg 1080w\" sizes=\"auto, (max-width: 272px) 100vw, 272px\" \/><\/figure>\n<\/div>\n\n\n\n<div class=\"wp-block-column is-layout-flow wp-block-column-is-layout-flow\" style=\"flex-basis:66.66%\">\n<p id=\"block-61727048-c0da-460f-af45-32e9944986b4\">Irene Romero nace en Valencia.<\/p>\n\n\n\n<p><\/p>\n\n\n\n<p class=\"has-drop-cap\" id=\"block-486b4d41-6639-41c8-8060-0a1e2d12992a\">Su pasi\u00f3n por la pintura ya la acompa\u00f1aba desde ni\u00f1a, siempre estuvo con ella adem\u00e1s del mundo de la est\u00e9tica y el maquillaje donde trabaj\u00f3 y disfrut\u00f3 much\u00edsimo durante muchos a\u00f1os.<br><br>Un d\u00eda su vida cambi\u00f3 radical por una enfermedad y tuvo que limitarse a estar en casa.<br>Eso hizo que un amigo le propusiera volver a pintar y&#8230; de nuevo surgi\u00f3 la ilusi\u00f3n&#8230;<br>Ilusi\u00f3n que traslada a trav\u00e9s de sus manos a esa obras que hace casi cada d\u00eda.<br><\/p>\n\n\n\n<p id=\"block-9a609c88-d7c1-44e4-b124-9b2432d9300f\">Con la pintura lleg\u00f3 de nuevo la pasi\u00f3n y desde entonces confiesa que es algo que no puede dejar de hacer cada d\u00eda, casi a cada momento&#8230;<\/p>\n\n\n\n<hr class=\"wp-block-separator\" id=\"block-da2dd09d-6b08-47da-b1f9-f90032b752ea\" \/>\n\n\n\n<p id=\"block-bb33efca-383e-4818-89b1-24f5bba87eae\">Her passion for painting was with her since she was a child, it was always with her in addition to the world of makeup where she worked and enjoyed a lot for many years.<\/p>\n\n\n\n<p id=\"block-1d95d882-9ba4-48d0-90ee-b5d5cf3b192e\">One day his life changed radically due to an illness and he had to limit himself to being at home. That made a friend propose to paint again and&#8230; magic arose again&#8230;<br>Magic that he transfers through his hands to that work he does almost every day.<\/p>\n\n\n\n<p id=\"block-b335eb36-74da-4f24-bc68-d190a90dd40a\">With painting came the passion again and since then he confesses that it is something he cannot stop doing every day, almost every moment&#8230;<\/p>\n<\/div>\n<\/div>\n<\/div>\n<\/div>\n\n\n\n<p><\/p>\n","protected":false},"excerpt":{"rendered":"<p>Irene Romero nace en Valencia. Su pasi\u00f3n por la pintura ya la acompa\u00f1aba desde ni\u00f1a, siempre estuvo con ella adem\u00e1s del mundo de la est\u00e9tica y el maquillaje donde trabaj\u00f3 y disfrut\u00f3 much\u00edsimo durante muchos a\u00f1os. Un d\u00eda su vida cambi\u00f3 radical por una&#8230;<\/p>\n","protected":false},"author":1,"featured_media":0,"parent":0,"menu_order":0,"comment_status":"open","ping_status":"closed","template":"","meta":{"footnotes":""},"class_list":["post-15","page","type-page","status-publish","hentry"],"yoast_head":"<!-- This site is optimized with the Yoast SEO plugin v27.5 - https:\/\/yoast.com\/product\/yoast-seo-wordpress\/ -->\n<title>irene romero - pintora realista &#187; Irene Romero - Pintora Realista<\/title>\n<meta name=\"robots\" content=\"noindex, follow, max-snippet:-1, max-image-preview:large, max-video-preview:-1\" \/>\n<meta property=\"og:locale\" content=\"es_ES\" \/>\n<meta property=\"og:type\" content=\"article\" \/>\n<meta property=\"og:title\" content=\"irene romero - pintora realista &#187; Irene Romero - Pintora Realista\" \/>\n<meta property=\"og:description\" content=\"Irene Romero nace en Valencia. Su pasi\u00f3n por la pintura ya la acompa\u00f1aba desde ni\u00f1a, siempre estuvo con ella adem\u00e1s del mundo de la est\u00e9tica y el maquillaje donde trabaj\u00f3 y disfrut\u00f3 much\u00edsimo durante muchos a\u00f1os. Un d\u00eda su vida cambi\u00f3 radical por una...\" \/>\n<meta property=\"og:url\" content=\"https:\/\/ireneromero.net\/\" \/>\n<meta property=\"og:site_name\" content=\"Irene Romero - Pintora Realista\" \/>\n<meta property=\"article:modified_time\" content=\"2025-09-16T13:21:16+00:00\" \/>\n<meta property=\"og:image\" content=\"https:\/\/ireneromero.net\/wp-content\/uploads\/2022\/01\/biografia-1021x1024.jpg\" \/>\n<meta name=\"twitter:card\" content=\"summary_large_image\" \/>\n<meta name=\"twitter:label1\" content=\"Tiempo de lectura\" \/>\n\t<meta name=\"twitter:data1\" content=\"2 minutos\" \/>\n<script type=\"application\/ld+json\" class=\"yoast-schema-graph\">{\"@context\":\"https:\\\/\\\/schema.org\",\"@graph\":[{\"@type\":\"WebPage\",\"@id\":\"https:\\\/\\\/ireneromero.net\\\/\",\"url\":\"https:\\\/\\\/ireneromero.net\\\/\",\"name\":\"irene romero - pintora realista &#187; Irene Romero - Pintora Realista\",\"isPartOf\":{\"@id\":\"https:\\\/\\\/ireneromero.net\\\/#website\"},\"primaryImageOfPage\":{\"@id\":\"https:\\\/\\\/ireneromero.net\\\/#primaryimage\"},\"image\":{\"@id\":\"https:\\\/\\\/ireneromero.net\\\/#primaryimage\"},\"thumbnailUrl\":\"https:\\\/\\\/ireneromero.net\\\/wp-content\\\/uploads\\\/2022\\\/01\\\/biografia-1021x1024.jpg\",\"datePublished\":\"2021-01-26T20:14:21+00:00\",\"dateModified\":\"2025-09-16T13:21:16+00:00\",\"breadcrumb\":{\"@id\":\"https:\\\/\\\/ireneromero.net\\\/#breadcrumb\"},\"inLanguage\":\"es\",\"potentialAction\":[{\"@type\":\"ReadAction\",\"target\":[\"https:\\\/\\\/ireneromero.net\\\/\"]}]},{\"@type\":\"ImageObject\",\"inLanguage\":\"es\",\"@id\":\"https:\\\/\\\/ireneromero.net\\\/#primaryimage\",\"url\":\"https:\\\/\\\/ireneromero.net\\\/wp-content\\\/uploads\\\/2022\\\/01\\\/biografia.jpg\",\"contentUrl\":\"https:\\\/\\\/ireneromero.net\\\/wp-content\\\/uploads\\\/2022\\\/01\\\/biografia.jpg\",\"width\":1080,\"height\":1083},{\"@type\":\"BreadcrumbList\",\"@id\":\"https:\\\/\\\/ireneromero.net\\\/#breadcrumb\",\"itemListElement\":[{\"@type\":\"ListItem\",\"position\":1,\"name\":\"Portada\",\"item\":\"https:\\\/\\\/ireneromero.net\\\/\"},{\"@type\":\"ListItem\",\"position\":2,\"name\":\"irene romero &#8211; pintora realista\"}]},{\"@type\":\"WebSite\",\"@id\":\"https:\\\/\\\/ireneromero.net\\\/#website\",\"url\":\"https:\\\/\\\/ireneromero.net\\\/\",\"name\":\"Irene Romero - Pintora Realista\",\"description\":\"Pintora Realista\",\"publisher\":{\"@id\":\"https:\\\/\\\/ireneromero.net\\\/#organization\"},\"potentialAction\":[{\"@type\":\"SearchAction\",\"target\":{\"@type\":\"EntryPoint\",\"urlTemplate\":\"https:\\\/\\\/ireneromero.net\\\/?s={search_term_string}\"},\"query-input\":{\"@type\":\"PropertyValueSpecification\",\"valueRequired\":true,\"valueName\":\"search_term_string\"}}],\"inLanguage\":\"es\"},{\"@type\":\"Organization\",\"@id\":\"https:\\\/\\\/ireneromero.net\\\/#organization\",\"name\":\"Irene Romero. - Pintora Realista.\",\"url\":\"https:\\\/\\\/ireneromero.net\\\/\",\"logo\":{\"@type\":\"ImageObject\",\"inLanguage\":\"es\",\"@id\":\"https:\\\/\\\/ireneromero.net\\\/#\\\/schema\\\/logo\\\/image\\\/\",\"url\":\"https:\\\/\\\/ireneromero.net\\\/wp-content\\\/uploads\\\/2022\\\/02\\\/biografia-300x300-1.jpg\",\"contentUrl\":\"https:\\\/\\\/ireneromero.net\\\/wp-content\\\/uploads\\\/2022\\\/02\\\/biografia-300x300-1.jpg\",\"width\":300,\"height\":300,\"caption\":\"Irene Romero. - Pintora Realista.\"},\"image\":{\"@id\":\"https:\\\/\\\/ireneromero.net\\\/#\\\/schema\\\/logo\\\/image\\\/\"}}]}<\/script>\n<!-- \/ Yoast SEO plugin. -->","yoast_head_json":{"title":"irene romero - pintora realista &#187; Irene Romero - Pintora Realista","robots":{"index":"noindex","follow":"follow","max-snippet":"max-snippet:-1","max-image-preview":"max-image-preview:large","max-video-preview":"max-video-preview:-1"},"og_locale":"es_ES","og_type":"article","og_title":"irene romero - pintora realista &#187; Irene Romero - Pintora Realista","og_description":"Irene Romero nace en Valencia. Su pasi\u00f3n por la pintura ya la acompa\u00f1aba desde ni\u00f1a, siempre estuvo con ella adem\u00e1s del mundo de la est\u00e9tica y el maquillaje donde trabaj\u00f3 y disfrut\u00f3 much\u00edsimo durante muchos a\u00f1os. Un d\u00eda su vida cambi\u00f3 radical por una...","og_url":"https:\/\/ireneromero.net\/","og_site_name":"Irene Romero - Pintora Realista","article_modified_time":"2025-09-16T13:21:16+00:00","og_image":[{"url":"https:\/\/ireneromero.net\/wp-content\/uploads\/2022\/01\/biografia-1021x1024.jpg","type":"","width":"","height":""}],"twitter_card":"summary_large_image","twitter_misc":{"Tiempo de lectura":"2 minutos"},"schema":{"@context":"https:\/\/schema.org","@graph":[{"@type":"WebPage","@id":"https:\/\/ireneromero.net\/","url":"https:\/\/ireneromero.net\/","name":"irene romero - pintora realista &#187; Irene Romero - Pintora Realista","isPartOf":{"@id":"https:\/\/ireneromero.net\/#website"},"primaryImageOfPage":{"@id":"https:\/\/ireneromero.net\/#primaryimage"},"image":{"@id":"https:\/\/ireneromero.net\/#primaryimage"},"thumbnailUrl":"https:\/\/ireneromero.net\/wp-content\/uploads\/2022\/01\/biografia-1021x1024.jpg","datePublished":"2021-01-26T20:14:21+00:00","dateModified":"2025-09-16T13:21:16+00:00","breadcrumb":{"@id":"https:\/\/ireneromero.net\/#breadcrumb"},"inLanguage":"es","potentialAction":[{"@type":"ReadAction","target":["https:\/\/ireneromero.net\/"]}]},{"@type":"ImageObject","inLanguage":"es","@id":"https:\/\/ireneromero.net\/#primaryimage","url":"https:\/\/ireneromero.net\/wp-content\/uploads\/2022\/01\/biografia.jpg","contentUrl":"https:\/\/ireneromero.net\/wp-content\/uploads\/2022\/01\/biografia.jpg","width":1080,"height":1083},{"@type":"BreadcrumbList","@id":"https:\/\/ireneromero.net\/#breadcrumb","itemListElement":[{"@type":"ListItem","position":1,"name":"Portada","item":"https:\/\/ireneromero.net\/"},{"@type":"ListItem","position":2,"name":"irene romero &#8211; pintora realista"}]},{"@type":"WebSite","@id":"https:\/\/ireneromero.net\/#website","url":"https:\/\/ireneromero.net\/","name":"Irene Romero - Pintora Realista","description":"Pintora Realista","publisher":{"@id":"https:\/\/ireneromero.net\/#organization"},"potentialAction":[{"@type":"SearchAction","target":{"@type":"EntryPoint","urlTemplate":"https:\/\/ireneromero.net\/?s={search_term_string}"},"query-input":{"@type":"PropertyValueSpecification","valueRequired":true,"valueName":"search_term_string"}}],"inLanguage":"es"},{"@type":"Organization","@id":"https:\/\/ireneromero.net\/#organization","name":"Irene Romero. - Pintora Realista.","url":"https:\/\/ireneromero.net\/","logo":{"@type":"ImageObject","inLanguage":"es","@id":"https:\/\/ireneromero.net\/#\/schema\/logo\/image\/","url":"https:\/\/ireneromero.net\/wp-content\/uploads\/2022\/02\/biografia-300x300-1.jpg","contentUrl":"https:\/\/ireneromero.net\/wp-content\/uploads\/2022\/02\/biografia-300x300-1.jpg","width":300,"height":300,"caption":"Irene Romero. - Pintora Realista."},"image":{"@id":"https:\/\/ireneromero.net\/#\/schema\/logo\/image\/"}}]}},"_links":{"self":[{"href":"https:\/\/ireneromero.net\/index.php\/wp-json\/wp\/v2\/pages\/15","targetHints":{"allow":["GET"]}}],"collection":[{"href":"https:\/\/ireneromero.net\/index.php\/wp-json\/wp\/v2\/pages"}],"about":[{"href":"https:\/\/ireneromero.net\/index.php\/wp-json\/wp\/v2\/types\/page"}],"author":[{"embeddable":true,"href":"https:\/\/ireneromero.net\/index.php\/wp-json\/wp\/v2\/users\/1"}],"replies":[{"embeddable":true,"href":"https:\/\/ireneromero.net\/index.php\/wp-json\/wp\/v2\/comments?post=15"}],"version-history":[{"count":99,"href":"https:\/\/ireneromero.net\/index.php\/wp-json\/wp\/v2\/pages\/15\/revisions"}],"predecessor-version":[{"id":2502,"href":"https:\/\/ireneromero.net\/index.php\/wp-json\/wp\/v2\/pages\/15\/revisions\/2502"}],"wp:attachment":[{"href":"https:\/\/ireneromero.net\/index.php\/wp-json\/wp\/v2\/media?parent=15"}],"curies":[{"name":"wp","href":"https:\/\/api.w.org\/{rel}","templated":true}]}}